{"id":3925,"date":"2022-08-26T03:50:26","date_gmt":"2022-08-26T03:50:26","guid":{"rendered":"https:\/\/demosites.io\/real-estate-agency\/?page_id=3925"},"modified":"2025-02-03T11:32:00","modified_gmt":"2025-02-03T11:32:00","slug":"contacto","status":"publish","type":"page","link":"https:\/\/inmobiliarialens.es\/gl\/contacto\/","title":{"rendered":"Contacto"},"content":{"rendered":"<div data-elementor-type=\"wp-page\" data-elementor-id=\"3925\" class=\"elementor elementor-3925\">\n\t\t\t\t\t\t<section class=\"elementor-section elementor-top-section elementor-element elementor-element-1c579bd elementor-section-full_width elementor-section-height-min-height elementor-section-height-default elementor-section-items-middle\" data-id=\"1c579bd\" data-element_type=\"section\" data-settings=\"{&quot;background_background&quot;:&quot;classic&quot;}\">\n\t\t\t\t\t\t\t<div class=\"elementor-background-overlay\"><\/div>\n\t\t\t\t\t\t\t<div class=\"elementor-container elementor-column-gap-default\">\n\t\t\t\t\t<div class=\"elementor-column elementor-col-100 elementor-top-column elementor-element elementor-element-e06c1a0\" data-id=\"e06c1a0\" data-element_type=\"column\">\n\t\t\t<div class=\"elementor-widget-wrap elementor-element-populated\">\n\t\t\t\t\t\t<section class=\"elementor-section elementor-inner-section elementor-element elementor-element-393f418 elementor-section-boxed elementor-section-height-default elementor-section-height-default\" data-id=\"393f418\" data-element_type=\"section\">\n\t\t\t\t\t\t<div class=\"elementor-container elementor-column-gap-default\">\n\t\t\t\t\t<div class=\"elementor-column elementor-col-100 elementor-inner-column elementor-element elementor-element-31049dd\" data-id=\"31049dd\" data-element_type=\"column\">\n\t\t\t<div class=\"elementor-widget-wrap elementor-element-populated\">\n\t\t\t\t\t\t<div class=\"elementor-element elementor-element-24e63ab elementor-widget__width-initial elementor-widget elementor-widget-heading\" data-id=\"24e63ab\" data-element_type=\"widget\" data-widget_type=\"heading.default\">\n\t\t\t\t<div class=\"elementor-widget-container\">\n\t\t\t\t\t<h1 class=\"elementor-heading-title elementor-size-default\">Contacta connosco<\/h1>\t\t\t\t<\/div>\n\t\t\t\t<\/div>\n\t\t\t\t\t<\/div>\n\t\t<\/div>\n\t\t\t\t\t<\/div>\n\t\t<\/section>\n\t\t\t\t\t<\/div>\n\t\t<\/div>\n\t\t\t\t\t<\/div>\n\t\t<\/section>\n\t\t\t\t<section class=\"elementor-section elementor-top-section elementor-element elementor-element-db9fc38 elementor-section-boxed elementor-section-height-default elementor-section-height-default\" data-id=\"db9fc38\" data-element_type=\"section\">\n\t\t\t\t\t\t<div class=\"elementor-container elementor-column-gap-default\">\n\t\t\t\t\t<div class=\"elementor-column elementor-col-33 elementor-top-column elementor-element elementor-element-f346f11\" data-id=\"f346f11\" data-element_type=\"column\">\n\t\t\t<div class=\"elementor-widget-wrap elementor-element-populated\">\n\t\t\t\t\t\t<div class=\"elementor-element elementor-element-514f54c elementor-view-default elementor-position-top elementor-mobile-position-top elementor-widget elementor-widget-icon-box\" data-id=\"514f54c\" data-element_type=\"widget\" data-widget_type=\"icon-box.default\">\n\t\t\t\t<div class=\"elementor-widget-container\">\n\t\t\t\t\t\t\t<div class=\"elementor-icon-box-wrapper\">\n\n\t\t\t\t\t\t<div class=\"elementor-icon-box-icon\">\n\t\t\t\t<span  class=\"elementor-icon\">\n\t\t\t\t<i aria-hidden=\"true\" class=\"fas fa-map-marker-alt\"><\/i>\t\t\t\t<\/span>\n\t\t\t<\/div>\n\t\t\t\n\t\t\t\t\t\t<div class=\"elementor-icon-box-content\">\n\n\t\t\t\t\t\t\t\t\t<h3 class=\"elementor-icon-box-title\">\n\t\t\t\t\t\t<span  >\n\t\t\t\t\t\t\tVis\u00edtanos\t\t\t\t\t\t<\/span>\n\t\t\t\t\t<\/h3>\n\t\t\t\t\n\t\t\t\t\t\t\t\t\t<p class=\"elementor-icon-box-description\">\n\t\t\t\t\t\tR\u00faa Fonte do Carmen 3 Bj<br>\nNegreira 15830 \u2013 A Coru\u00f1a\t\t\t\t\t<\/p>\n\t\t\t\t\n\t\t\t<\/div>\n\t\t\t\n\t\t<\/div>\n\t\t\t\t\t\t<\/div>\n\t\t\t\t<\/div>\n\t\t\t\t\t<\/div>\n\t\t<\/div>\n\t\t\t\t<div class=\"elementor-column elementor-col-33 elementor-top-column elementor-element elementor-element-5b53c8c\" data-id=\"5b53c8c\" data-element_type=\"column\">\n\t\t\t<div class=\"elementor-widget-wrap elementor-element-populated\">\n\t\t\t\t\t\t<div class=\"elementor-element elementor-element-4683173 elementor-view-default elementor-position-top elementor-mobile-position-top elementor-widget elementor-widget-icon-box\" data-id=\"4683173\" data-element_type=\"widget\" data-widget_type=\"icon-box.default\">\n\t\t\t\t<div class=\"elementor-widget-container\">\n\t\t\t\t\t\t\t<div class=\"elementor-icon-box-wrapper\">\n\n\t\t\t\t\t\t<div class=\"elementor-icon-box-icon\">\n\t\t\t\t<a href=\"tel:+34981881962\" class=\"elementor-icon\" tabindex=\"-1\" aria-label=\"Ch\u00e1manos\">\n\t\t\t\t<i aria-hidden=\"true\" class=\"fas fa-phone-alt\"><\/i>\t\t\t\t<\/a>\n\t\t\t<\/div>\n\t\t\t\n\t\t\t\t\t\t<div class=\"elementor-icon-box-content\">\n\n\t\t\t\t\t\t\t\t\t<h3 class=\"elementor-icon-box-title\">\n\t\t\t\t\t\t<a href=\"tel:+34981881962\" >\n\t\t\t\t\t\t\tCh\u00e1manos\t\t\t\t\t\t<\/a>\n\t\t\t\t\t<\/h3>\n\t\t\t\t\n\t\t\t\t\t\t\t\t\t<p class=\"elementor-icon-box-description\">\n\t\t\t\t\t\t981 88 19 62\t\t\t\t\t<\/p>\n\t\t\t\t\n\t\t\t<\/div>\n\t\t\t\n\t\t<\/div>\n\t\t\t\t\t\t<\/div>\n\t\t\t\t<\/div>\n\t\t\t\t\t<\/div>\n\t\t<\/div>\n\t\t\t\t<div class=\"elementor-column elementor-col-33 elementor-top-column elementor-element elementor-element-39ea42e\" data-id=\"39ea42e\" data-element_type=\"column\">\n\t\t\t<div class=\"elementor-widget-wrap elementor-element-populated\">\n\t\t\t\t\t\t<div class=\"elementor-element elementor-element-f98e175 elementor-view-default elementor-position-top elementor-mobile-position-top elementor-widget elementor-widget-icon-box\" data-id=\"f98e175\" data-element_type=\"widget\" data-widget_type=\"icon-box.default\">\n\t\t\t\t<div class=\"elementor-widget-container\">\n\t\t\t\t\t\t\t<div class=\"elementor-icon-box-wrapper\">\n\n\t\t\t\t\t\t<div class=\"elementor-icon-box-icon\">\n\t\t\t\t<a href=\"mailto:info@inmobiliarialens.com?subject=Consulta\" class=\"elementor-icon\" tabindex=\"-1\" aria-label=\"Env\u00edanos un email\">\n\t\t\t\t<i aria-hidden=\"true\" class=\"far fa-envelope\"><\/i>\t\t\t\t<\/a>\n\t\t\t<\/div>\n\t\t\t\n\t\t\t\t\t\t<div class=\"elementor-icon-box-content\">\n\n\t\t\t\t\t\t\t\t\t<h3 class=\"elementor-icon-box-title\">\n\t\t\t\t\t\t<a href=\"mailto:info@inmobiliarialens.com?subject=Consulta\" >\n\t\t\t\t\t\t\tEnv\u00edanos un email\t\t\t\t\t\t<\/a>\n\t\t\t\t\t<\/h3>\n\t\t\t\t\n\t\t\t\t\t\t\t\t\t<p class=\"elementor-icon-box-description\">\n\t\t\t\t\t\tinfo@inmobiliarialens.com\t\t\t\t\t<\/p>\n\t\t\t\t\n\t\t\t<\/div>\n\t\t\t\n\t\t<\/div>\n\t\t\t\t\t\t<\/div>\n\t\t\t\t<\/div>\n\t\t\t\t\t<\/div>\n\t\t<\/div>\n\t\t\t\t\t<\/div>\n\t\t<\/section>\n\t\t\t\t<section class=\"elementor-section elementor-top-section elementor-element elementor-element-eda9c09 elementor-section-boxed elementor-section-height-default elementor-section-height-default\" data-id=\"eda9c09\" data-element_type=\"section\">\n\t\t\t\t\t\t<div class=\"elementor-container elementor-column-gap-default\">\n\t\t\t\t\t<div class=\"elementor-column elementor-col-100 elementor-top-column elementor-element elementor-element-b0ddbb6\" data-id=\"b0ddbb6\" data-element_type=\"column\">\n\t\t\t<div class=\"elementor-widget-wrap elementor-element-populated\">\n\t\t\t\t\t\t<div class=\"elementor-element elementor-element-b38dec4 elementor-widget elementor-widget-heading\" data-id=\"b38dec4\" data-element_type=\"widget\" data-widget_type=\"heading.default\">\n\t\t\t\t<div class=\"elementor-widget-container\">\n\t\t\t\t\t<h2 class=\"elementor-heading-title elementor-size-default\">Escr\u00edbenos a tua consulta<\/h2>\t\t\t\t<\/div>\n\t\t\t\t<\/div>\n\t\t\t\t<div class=\"elementor-element elementor-element-f5e2ca9 elementor-widget elementor-widget-wpforms\" data-id=\"f5e2ca9\" data-element_type=\"widget\" data-widget_type=\"wpforms.default\">\n\t\t\t\t<div class=\"elementor-widget-container\">\n\t\t\t\t\t<style id=\"wpforms-css-vars-elementor-widget-f5e2ca9\">\n\t\t\t\t.elementor-widget-wpforms.elementor-element-f5e2ca9 {\n\t\t\t\t--wpforms-field-size-input-height: 43px;\n--wpforms-field-size-input-spacing: 15px;\n--wpforms-field-size-font-size: 16px;\n--wpforms-field-size-line-height: 19px;\n--wpforms-field-size-padding-h: 14px;\n--wpforms-field-size-checkbox-size: 16px;\n--wpforms-field-size-sublabel-spacing: 5px;\n--wpforms-field-size-icon-size: 1;\n--wpforms-label-size-font-size: 16px;\n--wpforms-label-size-line-height: 19px;\n--wpforms-label-size-sublabel-font-size: 14px;\n--wpforms-label-size-sublabel-line-height: 17px;\n--wpforms-button-size-font-size: 17px;\n--wpforms-button-size-height: 41px;\n--wpforms-button-size-padding-h: 15px;\n--wpforms-button-size-margin-top: 10px;\n\n\t\t\t}\n\t\t\t<\/style><div class=\"wpforms-container wpforms-container-full wpforms-render-modern\" id=\"wpforms-4517\"><form id=\"wpforms-form-4517\" class=\"wpforms-validate wpforms-form wpforms-ajax-form\" data-formid=\"4517\" method=\"post\" enctype=\"multipart\/form-data\" action=\"\/gl\/wp-json\/wp\/v2\/pages\/3925\" data-token=\"08c9a32856e8ec1d20fda1fa520086e7\" data-token-time=\"1775729448\" data-trp-original-action=\"\/gl\/wp-json\/wp\/v2\/pages\/3925\"><noscript class=\"wpforms-error-noscript\">Por favor, activa JavaScript no teu navegador para completar este formulario.<\/noscript><div class=\"wpforms-hidden\" id=\"wpforms-error-noscript\">Por favor, activa JavaScript no teu navegador para completar este formulario.<\/div><div class=\"wpforms-field-container\"><div id=\"wpforms-4517-field_1-container\" class=\"wpforms-field wpforms-field-name\" data-field-id=\"1\"><label class=\"wpforms-field-label\" for=\"wpforms-4517-field_1\">Nome <span class=\"wpforms-required-label\" aria-hidden=\"true\">*<\/span><\/label><input type=\"text\" id=\"wpforms-4517-field_1\" class=\"wpforms-field-medium wpforms-field-required\" name=\"wpforms[fields][1]\" aria-errormessage=\"wpforms-4517-field_1-error\" required><\/div><div id=\"wpforms-4517-field_2-container\" class=\"wpforms-field wpforms-field-email\" data-field-id=\"2\"><label class=\"wpforms-field-label\" for=\"wpforms-4517-field_2\">Correo electr\u00f3nico <span class=\"wpforms-required-label\" aria-hidden=\"true\">*<\/span><\/label><input type=\"email\" id=\"wpforms-4517-field_2\" class=\"wpforms-field-medium wpforms-field-required\" name=\"wpforms[fields][2]\" spellcheck=\"false\" aria-errormessage=\"wpforms-4517-field_2-error\" required><\/div><div id=\"wpforms-4517-field_5-container\" class=\"wpforms-field wpforms-field-text\" data-field-id=\"5\"><label class=\"wpforms-field-label\" for=\"wpforms-4517-field_5\">Tel\u00e9fono <span class=\"wpforms-required-label\" aria-hidden=\"true\">*<\/span><\/label><input type=\"text\" id=\"wpforms-4517-field_5\" class=\"wpforms-field-medium wpforms-field-required\" name=\"wpforms[fields][5]\" aria-errormessage=\"wpforms-4517-field_5-error\" required><\/div><div id=\"wpforms-4517-field_4-container\" class=\"wpforms-field wpforms-field-text\" data-field-id=\"4\"><label class=\"wpforms-field-label\" for=\"wpforms-4517-field_4\">Asunto <span class=\"wpforms-required-label\" aria-hidden=\"true\">*<\/span><\/label><input type=\"text\" id=\"wpforms-4517-field_4\" class=\"wpforms-field-medium wpforms-field-required\" name=\"wpforms[fields][4]\" aria-errormessage=\"wpforms-4517-field_4-error\" required><\/div><div id=\"wpforms-4517-field_6-container\" class=\"wpforms-field wpforms-field-textarea\" data-field-id=\"6\"><label class=\"wpforms-field-label\" for=\"wpforms-4517-field_6\">Consulta <span class=\"wpforms-required-label\" aria-hidden=\"true\">*<\/span><\/label><textarea id=\"wpforms-4517-field_6\" class=\"wpforms-field-medium wpforms-field-required\" name=\"wpforms[fields][6]\" aria-errormessage=\"wpforms-4517-field_6-error\" required><\/textarea><\/div><\/div><!-- .wpforms-field-container --><div class=\"wpforms-submit-container\" ><input type=\"hidden\" name=\"wpforms[id]\" value=\"4517\"><input type=\"hidden\" name=\"page_title\" value=\"\"><input type=\"hidden\" name=\"page_url\" value=\"https:\/\/inmobiliarialens.es\/gl\/wp-json\/wp\/v2\/pages\/3925\"><input type=\"hidden\" name=\"url_referer\" value=\"\"><button type=\"submit\" name=\"wpforms[submit]\" id=\"wpforms-submit-4517\" class=\"wpforms-submit\" data-alt-text=\"Enviando...\" data-submit-text=\"Enviar\" aria-live=\"assertive\" value=\"wpforms-submit\">Enviar<\/button><img decoding=\"async\" src=\"https:\/\/inmobiliarialens.es\/wp-content\/plugins\/wpforms-lite\/assets\/images\/submit-spin.svg\" class=\"wpforms-submit-spinner\" style=\"display: none;\" width=\"26\" height=\"26\" alt=\"Cargando\"><\/div><input type=\"hidden\" name=\"trp-form-language\" value=\"gl\"\/><\/form><\/div>  <!-- .wpforms-container -->\t\t\t\t<\/div>\n\t\t\t\t<\/div>\n\t\t\t\t\t<\/div>\n\t\t<\/div>\n\t\t\t\t\t<\/div>\n\t\t<\/section>\n\t\t\t\t<section class=\"elementor-section elementor-top-section elementor-element elementor-element-40e4af5 elementor-section-full_width elementor-section-height-default elementor-section-height-default\" data-id=\"40e4af5\" data-element_type=\"section\" data-settings=\"{&quot;background_background&quot;:&quot;classic&quot;}\">\n\t\t\t\t\t\t<div class=\"elementor-container elementor-column-gap-default\">\n\t\t\t\t\t<div class=\"elementor-column elementor-col-100 elementor-top-column elementor-element elementor-element-ceb3e8d\" data-id=\"ceb3e8d\" data-element_type=\"column\">\n\t\t\t<div class=\"elementor-widget-wrap elementor-element-populated\">\n\t\t\t\t\t\t<div class=\"elementor-element elementor-element-f761554 elementor-widget elementor-widget-google_maps\" data-id=\"f761554\" data-element_type=\"widget\" data-widget_type=\"google_maps.default\">\n\t\t\t\t<div class=\"elementor-widget-container\">\n\t\t\t\t\t\t\t<div class=\"elementor-custom-embed\">\n\t\t\t<iframe loading=\"lazy\"\n\t\t\t\t\tsrc=\"https:\/\/maps.google.com\/maps?q=Inmobiliaria%20Lens&#038;t=m&#038;z=16&#038;output=embed&#038;iwloc=near\"\n\t\t\t\t\ttitle=\"Inmobiliaria Lens\"\n\t\t\t\t\taria-label=\"Inmobiliaria Lens\"\n\t\t\t><\/iframe>\n\t\t<\/div>\n\t\t\t\t\t\t<\/div>\n\t\t\t\t<\/div>\n\t\t\t\t\t<\/div>\n\t\t<\/div>\n\t\t\t\t\t<\/div>\n\t\t<\/section>\n\t\t\t\t<\/div>","protected":false},"excerpt":{"rendered":"<p>Contacta con nosotros Vis\u00edtanos R\u00faa Fonte do Carmen 3 Bj Negreira 15830 \u2013 A Coru\u00f1a Ll\u00e1manos 981 88 19 62 Env\u00edanos un email info@inmobiliarialens.com Escr\u00edbenos tu consulta Por favor, activa JavaScript en tu navegador para completar este formulario.Por favor, activa JavaScript en tu navegador para completar este formulario.Nombre *Correo electr\u00f3nico *Tel\u00e9fono *Asunto *Consulta * Enviar<\/p>","protected":false},"author":1,"featured_media":4643,"parent":0,"menu_order":0,"comment_status":"closed","ping_status":"closed","template":"page-templates\/template-pagebuilder-full-width.php","meta":{"neve_meta_sidebar":"","neve_meta_container":"","neve_meta_enable_content_width":"","neve_meta_content_width":0,"neve_meta_title_alignment":"","neve_meta_author_avatar":"","neve_post_elements_order":"","neve_meta_disable_header":"","neve_meta_disable_footer":"","neve_meta_disable_title":"","neve_meta_reading_time":"","_ti_tpc_template_sync":false,"_ti_tpc_template_id":"torrn5gwdppdmy94r8om","footnotes":""},"class_list":["post-3925","page","type-page","status-publish","has-post-thumbnail","hentry"],"yoast_head":"<!-- This site is optimized with the Yoast SEO plugin v23.3 - https:\/\/yoast.com\/wordpress\/plugins\/seo\/ -->\n<title>Contacto - Inmobiliaria Lens<\/title>\n<meta name=\"description\" content=\"Inmobiliaria Lens para cualquier rinc\u00f3n de A Coru\u00f1a, estamos aqu\u00ed para ayudarte a encontrar el lugar perfecto donde construir tu futuro.\" \/>\n<meta name=\"robots\" content=\"index, follow, max-snippet:-1, max-image-preview:large, max-video-preview:-1\" \/>\n<link rel=\"canonical\" href=\"https:\/\/inmobiliarialens.es\/gl\/contacto\/\" \/>\n<meta property=\"og:locale\" content=\"gl_ES\" \/>\n<meta property=\"og:type\" content=\"article\" \/>\n<meta property=\"og:title\" content=\"Contacto - Inmobiliaria Lens\" \/>\n<meta property=\"og:description\" content=\"Inmobiliaria Lens para cualquier rinc\u00f3n de A Coru\u00f1a, estamos aqu\u00ed para ayudarte a encontrar el lugar perfecto donde construir tu futuro.\" \/>\n<meta property=\"og:url\" content=\"https:\/\/inmobiliarialens.es\/gl\/contacto\/\" \/>\n<meta property=\"og:site_name\" content=\"Inmobiliaria Lens\" \/>\n<meta property=\"article:modified_time\" content=\"2025-02-03T11:32:00+00:00\" \/>\n<meta property=\"og:image\" content=\"https:\/\/inmobiliarialens.es\/wp-content\/uploads\/2025\/01\/Diseno-sin-titulo-2.png\" \/>\n\t<meta property=\"og:image:width\" content=\"600\" \/>\n\t<meta property=\"og:image:height\" content=\"600\" \/>\n\t<meta property=\"og:image:type\" content=\"image\/png\" \/>\n<meta name=\"twitter:card\" content=\"summary_large_image\" \/>\n<meta name=\"twitter:label1\" content=\"Tempo de lectura\" \/>\n\t<meta name=\"twitter:data1\" content=\"1 minuto\" \/>\n<script type=\"application\/ld+json\" class=\"yoast-schema-graph\">{\"@context\":\"https:\/\/schema.org\",\"@graph\":[{\"@type\":\"WebPage\",\"@id\":\"https:\/\/inmobiliarialens.es\/contacto\/\",\"url\":\"https:\/\/inmobiliarialens.es\/contacto\/\",\"name\":\"Contacto - Inmobiliaria Lens\",\"isPartOf\":{\"@id\":\"https:\/\/inmobiliarialens.es\/#website\"},\"primaryImageOfPage\":{\"@id\":\"https:\/\/inmobiliarialens.es\/contacto\/#primaryimage\"},\"image\":{\"@id\":\"https:\/\/inmobiliarialens.es\/contacto\/#primaryimage\"},\"thumbnailUrl\":\"https:\/\/inmobiliarialens.es\/wp-content\/uploads\/2025\/01\/Diseno-sin-titulo-2.png\",\"datePublished\":\"2022-08-26T03:50:26+00:00\",\"dateModified\":\"2025-02-03T11:32:00+00:00\",\"description\":\"Inmobiliaria Lens para cualquier rinc\u00f3n de A Coru\u00f1a, estamos aqu\u00ed para ayudarte a encontrar el lugar perfecto donde construir tu futuro.\",\"breadcrumb\":{\"@id\":\"https:\/\/inmobiliarialens.es\/contacto\/#breadcrumb\"},\"inLanguage\":\"gl-ES\",\"potentialAction\":[{\"@type\":\"ReadAction\",\"target\":[\"https:\/\/inmobiliarialens.es\/contacto\/\"]}]},{\"@type\":\"ImageObject\",\"inLanguage\":\"gl-ES\",\"@id\":\"https:\/\/inmobiliarialens.es\/contacto\/#primaryimage\",\"url\":\"https:\/\/inmobiliarialens.es\/wp-content\/uploads\/2025\/01\/Diseno-sin-titulo-2.png\",\"contentUrl\":\"https:\/\/inmobiliarialens.es\/wp-content\/uploads\/2025\/01\/Diseno-sin-titulo-2.png\",\"width\":600,\"height\":600},{\"@type\":\"BreadcrumbList\",\"@id\":\"https:\/\/inmobiliarialens.es\/contacto\/#breadcrumb\",\"itemListElement\":[{\"@type\":\"ListItem\",\"position\":1,\"name\":\"Portada\",\"item\":\"https:\/\/inmobiliarialens.es\/\"},{\"@type\":\"ListItem\",\"position\":2,\"name\":\"Contacto\"}]},{\"@type\":\"WebSite\",\"@id\":\"https:\/\/inmobiliarialens.es\/#website\",\"url\":\"https:\/\/inmobiliarialens.es\/\",\"name\":\"Inmobiliaria Lens\",\"description\":\"Inmobiliaria Lens\",\"publisher\":{\"@id\":\"https:\/\/inmobiliarialens.es\/#organization\"},\"potentialAction\":[{\"@type\":\"SearchAction\",\"target\":{\"@type\":\"EntryPoint\",\"urlTemplate\":\"https:\/\/inmobiliarialens.es\/?s={search_term_string}\"},\"query-input\":\"required name=search_term_string\"}],\"inLanguage\":\"gl-ES\"},{\"@type\":\"Organization\",\"@id\":\"https:\/\/inmobiliarialens.es\/#organization\",\"name\":\"Inmobiliaria Lens\",\"url\":\"https:\/\/inmobiliarialens.es\/\",\"logo\":{\"@type\":\"ImageObject\",\"inLanguage\":\"gl-ES\",\"@id\":\"https:\/\/inmobiliarialens.es\/#\/schema\/logo\/image\/\",\"url\":\"https:\/\/inmobiliarialens.es\/wp-content\/uploads\/2024\/08\/inmobiliaria_lens.png\",\"contentUrl\":\"https:\/\/inmobiliarialens.es\/wp-content\/uploads\/2024\/08\/inmobiliaria_lens.png\",\"width\":1976,\"height\":377,\"caption\":\"Inmobiliaria Lens\"},\"image\":{\"@id\":\"https:\/\/inmobiliarialens.es\/#\/schema\/logo\/image\/\"}}]}<\/script>\n<!-- \/ Yoast SEO plugin. -->","yoast_head_json":{"title":"Contacto - Inmobiliaria Lens","description":"Inmobiliaria Lens para cualquier rinc\u00f3n de A Coru\u00f1a, estamos aqu\u00ed para ayudarte a encontrar el lugar perfecto donde construir tu futuro.","robots":{"index":"index","follow":"follow","max-snippet":"max-snippet:-1","max-image-preview":"max-image-preview:large","max-video-preview":"max-video-preview:-1"},"canonical":"https:\/\/inmobiliarialens.es\/gl\/contacto\/","og_locale":"gl_ES","og_type":"article","og_title":"Contacto - Inmobiliaria Lens","og_description":"Inmobiliaria Lens para cualquier rinc\u00f3n de A Coru\u00f1a, estamos aqu\u00ed para ayudarte a encontrar el lugar perfecto donde construir tu futuro.","og_url":"https:\/\/inmobiliarialens.es\/gl\/contacto\/","og_site_name":"Inmobiliaria Lens","article_modified_time":"2025-02-03T11:32:00+00:00","og_image":[{"width":600,"height":600,"url":"https:\/\/inmobiliarialens.es\/wp-content\/uploads\/2025\/01\/Diseno-sin-titulo-2.png","type":"image\/png"}],"twitter_card":"summary_large_image","twitter_misc":{"Tempo de lectura":"1 minuto"},"schema":{"@context":"https:\/\/schema.org","@graph":[{"@type":"WebPage","@id":"https:\/\/inmobiliarialens.es\/contacto\/","url":"https:\/\/inmobiliarialens.es\/contacto\/","name":"Contacto - Inmobiliaria Lens","isPartOf":{"@id":"https:\/\/inmobiliarialens.es\/#website"},"primaryImageOfPage":{"@id":"https:\/\/inmobiliarialens.es\/contacto\/#primaryimage"},"image":{"@id":"https:\/\/inmobiliarialens.es\/contacto\/#primaryimage"},"thumbnailUrl":"https:\/\/inmobiliarialens.es\/wp-content\/uploads\/2025\/01\/Diseno-sin-titulo-2.png","datePublished":"2022-08-26T03:50:26+00:00","dateModified":"2025-02-03T11:32:00+00:00","description":"Inmobiliaria Lens para cualquier rinc\u00f3n de A Coru\u00f1a, estamos aqu\u00ed para ayudarte a encontrar el lugar perfecto donde construir tu futuro.","breadcrumb":{"@id":"https:\/\/inmobiliarialens.es\/contacto\/#breadcrumb"},"inLanguage":"gl-ES","potentialAction":[{"@type":"ReadAction","target":["https:\/\/inmobiliarialens.es\/contacto\/"]}]},{"@type":"ImageObject","inLanguage":"gl-ES","@id":"https:\/\/inmobiliarialens.es\/contacto\/#primaryimage","url":"https:\/\/inmobiliarialens.es\/wp-content\/uploads\/2025\/01\/Diseno-sin-titulo-2.png","contentUrl":"https:\/\/inmobiliarialens.es\/wp-content\/uploads\/2025\/01\/Diseno-sin-titulo-2.png","width":600,"height":600},{"@type":"BreadcrumbList","@id":"https:\/\/inmobiliarialens.es\/contacto\/#breadcrumb","itemListElement":[{"@type":"ListItem","position":1,"name":"Portada","item":"https:\/\/inmobiliarialens.es\/"},{"@type":"ListItem","position":2,"name":"Contacto"}]},{"@type":"WebSite","@id":"https:\/\/inmobiliarialens.es\/#website","url":"https:\/\/inmobiliarialens.es\/","name":"Inmobiliaria Lens","description":"Inmobiliaria Lens","publisher":{"@id":"https:\/\/inmobiliarialens.es\/#organization"},"potentialAction":[{"@type":"SearchAction","target":{"@type":"EntryPoint","urlTemplate":"https:\/\/inmobiliarialens.es\/?s={search_term_string}"},"query-input":"required name=search_term_string"}],"inLanguage":"gl-ES"},{"@type":"Organization","@id":"https:\/\/inmobiliarialens.es\/#organization","name":"Inmobiliaria Lens","url":"https:\/\/inmobiliarialens.es\/","logo":{"@type":"ImageObject","inLanguage":"gl-ES","@id":"https:\/\/inmobiliarialens.es\/#\/schema\/logo\/image\/","url":"https:\/\/inmobiliarialens.es\/wp-content\/uploads\/2024\/08\/inmobiliaria_lens.png","contentUrl":"https:\/\/inmobiliarialens.es\/wp-content\/uploads\/2024\/08\/inmobiliaria_lens.png","width":1976,"height":377,"caption":"Inmobiliaria Lens"},"image":{"@id":"https:\/\/inmobiliarialens.es\/#\/schema\/logo\/image\/"}}]}},"_links":{"self":[{"href":"https:\/\/inmobiliarialens.es\/gl\/wp-json\/wp\/v2\/pages\/3925"}],"collection":[{"href":"https:\/\/inmobiliarialens.es\/gl\/wp-json\/wp\/v2\/pages"}],"about":[{"href":"https:\/\/inmobiliarialens.es\/gl\/wp-json\/wp\/v2\/types\/page"}],"author":[{"embeddable":true,"href":"https:\/\/inmobiliarialens.es\/gl\/wp-json\/wp\/v2\/users\/1"}],"replies":[{"embeddable":true,"href":"https:\/\/inmobiliarialens.es\/gl\/wp-json\/wp\/v2\/comments?post=3925"}],"version-history":[{"count":12,"href":"https:\/\/inmobiliarialens.es\/gl\/wp-json\/wp\/v2\/pages\/3925\/revisions"}],"predecessor-version":[{"id":4652,"href":"https:\/\/inmobiliarialens.es\/gl\/wp-json\/wp\/v2\/pages\/3925\/revisions\/4652"}],"wp:featuredmedia":[{"embeddable":true,"href":"https:\/\/inmobiliarialens.es\/gl\/wp-json\/wp\/v2\/media\/4643"}],"wp:attachment":[{"href":"https:\/\/inmobiliarialens.es\/gl\/wp-json\/wp\/v2\/media?parent=3925"}],"curies":[{"name":"wp","href":"https:\/\/api.w.org\/{rel}","templated":true}]}}